{"id":419,"date":"2021-02-06T17:14:56","date_gmt":"2021-02-06T16:14:56","guid":{"rendered":"http:\/\/www.grabsteine-maleiner.at\/?page_id=419"},"modified":"2021-02-06T17:51:33","modified_gmt":"2021-02-06T16:51:33","slug":"start","status":"publish","type":"page","link":"https:\/\/www.grabsteine-maleiner.at\/?page_id=419","title":{"rendered":"Standfestigkeits\u00fcberpr\u00fcfung"},"content":{"rendered":"\t\t<div data-elementor-type=\"wp-post\" data-elementor-id=\"419\" class=\"elementor elementor-419\">\n\t\t\t\t\t\t<section class=\"elementor-section elementor-top-section elementor-element elementor-element-cf91091 elementor-section-boxed elementor-section-height-default elementor-section-height-default\" data-id=\"cf91091\" data-element_type=\"section\">\n\t\t\t\t\t\t<div class=\"elementor-container elementor-column-gap-default\">\n\t\t\t\t\t<div class=\"elementor-column elementor-col-100 elementor-top-column elementor-element elementor-element-7d06728\" data-id=\"7d06728\" data-element_type=\"column\">\n\t\t\t<div class=\"elementor-widget-wrap elementor-element-populated\">\n\t\t\t\t\t\t<div class=\"elementor-element elementor-element-fb6e1fc elementor-widget elementor-widget-heading\" data-id=\"fb6e1fc\" data-element_type=\"widget\" data-widget_type=\"heading.default\">\n\t\t\t\t<div class=\"elementor-widget-container\">\n\t\t\t\t\t<h2 class=\"elementor-heading-title elementor-size-default\">Standfestigkeits\u00fcberpr\u00fcfung<\/h2>\t\t\t\t<\/div>\n\t\t\t\t<\/div>\n\t\t\t\t<div class=\"elementor-element elementor-element-aa62343 elementor-widget elementor-widget-text-editor\" data-id=\"aa62343\" data-element_type=\"widget\" data-widget_type=\"text-editor.default\">\n\t\t\t\t<div class=\"elementor-widget-container\">\n\t\t\t\t\t\t\t\t\t<h6 style=\"text-align: center;\"><span style=\"font-size: 16px;\"><i>WIR PR\u00dcFEN IHREN GRABSTEIN AUF KIPPSICHERHEIT GEM\u00c4\u00df \u00d6NORM B3113 UND ERSTELLEN F\u00dcR SIE EIN STANDFESTIGKEITSGUTACHTEN.<\/i><\/span><\/h6><p style=\"text-align: center;\">\u00a0<\/p>\t\t\t\t\t\t\t\t<\/div>\n\t\t\t\t<\/div>\n\t\t\t\t\t<\/div>\n\t\t<\/div>\n\t\t\t\t\t<\/div>\n\t\t<\/section>\n\t\t\t\t<section class=\"elementor-section elementor-top-section elementor-element elementor-element-e42c646 elementor-section-boxed elementor-section-height-default elementor-section-height-default\" data-id=\"e42c646\" data-element_type=\"section\">\n\t\t\t\t\t\t<div class=\"elementor-container elementor-column-gap-default\">\n\t\t\t\t\t<div class=\"elementor-column elementor-col-100 elementor-top-column elementor-element elementor-element-bb24f98\" data-id=\"bb24f98\" data-element_type=\"column\">\n\t\t\t<div class=\"elementor-widget-wrap elementor-element-populated\">\n\t\t\t\t\t\t<div class=\"elementor-element elementor-element-365234d elementor-pagination-position-outside elementor-widget elementor-widget-image-carousel\" data-id=\"365234d\" data-element_type=\"widget\" data-settings=\"{&quot;slides_to_show&quot;:&quot;1&quot;,&quot;navigation&quot;:&quot;dots&quot;,&quot;autoplay&quot;:&quot;yes&quot;,&quot;pause_on_hover&quot;:&quot;yes&quot;,&quot;pause_on_interaction&quot;:&quot;yes&quot;,&quot;autoplay_speed&quot;:5000,&quot;infinite&quot;:&quot;yes&quot;,&quot;effect&quot;:&quot;slide&quot;,&quot;speed&quot;:500}\" data-widget_type=\"image-carousel.default\">\n\t\t\t\t<div class=\"elementor-widget-container\">\n\t\t\t\t\t\t\t<div class=\"elementor-image-carousel-wrapper swiper\" role=\"region\" aria-roledescription=\"carousel\" aria-label=\"Bild Karussell\" dir=\"ltr\">\n\t\t\t<div class=\"elementor-image-carousel swiper-wrapper\" aria-live=\"off\">\n\t\t\t\t\t\t\t\t<div class=\"swiper-slide\" role=\"group\" aria-roledescription=\"slide\" aria-label=\"1 von 5\"><figure class=\"swiper-slide-inner\"><img decoding=\"async\" class=\"swiper-slide-image\" src=\"https:\/\/www.grabsteine-maleiner.at\/wp-content\/uploads\/2021\/02\/DSC_1430-300x225.jpg\" alt=\"DSC_1430\" \/><\/figure><\/div><div class=\"swiper-slide\" role=\"group\" aria-roledescription=\"slide\" aria-label=\"2 von 5\"><figure class=\"swiper-slide-inner\"><img decoding=\"async\" class=\"swiper-slide-image\" src=\"https:\/\/www.grabsteine-maleiner.at\/wp-content\/uploads\/2021\/02\/DSC_1426-300x225.jpg\" alt=\"DSC_1426\" \/><\/figure><\/div><div class=\"swiper-slide\" role=\"group\" aria-roledescription=\"slide\" aria-label=\"3 von 5\"><figure class=\"swiper-slide-inner\"><img decoding=\"async\" class=\"swiper-slide-image\" src=\"https:\/\/www.grabsteine-maleiner.at\/wp-content\/uploads\/2021\/02\/DSC_1427-300x225.jpg\" alt=\"DSC_1427\" \/><\/figure><\/div><div class=\"swiper-slide\" role=\"group\" aria-roledescription=\"slide\" aria-label=\"4 von 5\"><figure class=\"swiper-slide-inner\"><img decoding=\"async\" class=\"swiper-slide-image\" src=\"https:\/\/www.grabsteine-maleiner.at\/wp-content\/uploads\/2021\/02\/IMG-20210129-WA0003-225x300.jpg\" alt=\"IMG-20210129-WA0003\" \/><\/figure><\/div><div class=\"swiper-slide\" role=\"group\" aria-roledescription=\"slide\" aria-label=\"5 von 5\"><figure class=\"swiper-slide-inner\"><img decoding=\"async\" class=\"swiper-slide-image\" src=\"https:\/\/www.grabsteine-maleiner.at\/wp-content\/uploads\/2021\/02\/IMG-20210129-WA0002-225x300.jpg\" alt=\"IMG-20210129-WA0002\" \/><\/figure><\/div>\t\t\t<\/div>\n\t\t\t\t\t\t\t\n\t\t\t\t\t\t\t\t\t<div class=\"swiper-pagination\"><\/div>\n\t\t\t\t\t\t\t\t\t<\/div>\n\t\t\t\t\t\t<\/div>\n\t\t\t\t<\/div>\n\t\t\t\t\t<\/div>\n\t\t<\/div>\n\t\t\t\t\t<\/div>\n\t\t<\/section>\n\t\t\t\t<section class=\"elementor-section elementor-top-section elementor-element elementor-element-f010b3d elementor-section-boxed elementor-section-height-default elementor-section-height-default\" data-id=\"f010b3d\" data-element_type=\"section\">\n\t\t\t\t\t\t<div class=\"elementor-container elementor-column-gap-default\">\n\t\t\t\t\t<div class=\"elementor-column elementor-col-50 elementor-top-column elementor-element elementor-element-c93d8b3\" data-id=\"c93d8b3\" data-element_type=\"column\">\n\t\t\t<div class=\"elementor-widget-wrap elementor-element-populated\">\n\t\t\t\t\t\t<div class=\"elementor-element elementor-element-00c27b4 elementor-widget elementor-widget-image\" data-id=\"00c27b4\" data-element_type=\"widget\" data-widget_type=\"image.default\">\n\t\t\t\t<div class=\"elementor-widget-container\">\n\t\t\t\t\t\t\t\t\t\t\t\t\t\t\t<img fetchpriority=\"high\" decoding=\"async\" width=\"724\" height=\"1024\" src=\"https:\/\/www.grabsteine-maleiner.at\/wp-content\/uploads\/2021\/02\/20210205084242-e1612627974289-724x1024.jpg\" class=\"attachment-large size-large wp-image-421\" alt=\"\" srcset=\"https:\/\/www.grabsteine-maleiner.at\/wp-content\/uploads\/2021\/02\/20210205084242-e1612627974289-724x1024.jpg 724w, https:\/\/www.grabsteine-maleiner.at\/wp-content\/uploads\/2021\/02\/20210205084242-e1612627974289-212x300.jpg 212w, https:\/\/www.grabsteine-maleiner.at\/wp-content\/uploads\/2021\/02\/20210205084242-e1612627974289-768x1087.jpg 768w, https:\/\/www.grabsteine-maleiner.at\/wp-content\/uploads\/2021\/02\/20210205084242-e1612627974289.jpg 800w\" sizes=\"(max-width: 724px) 100vw, 724px\" \/>\t\t\t\t\t\t\t\t\t\t\t\t\t\t\t<\/div>\n\t\t\t\t<\/div>\n\t\t\t\t\t<\/div>\n\t\t<\/div>\n\t\t\t\t<div class=\"elementor-column elementor-col-50 elementor-top-column elementor-element elementor-element-d2a5a37\" data-id=\"d2a5a37\" data-element_type=\"column\">\n\t\t\t<div class=\"elementor-widget-wrap elementor-element-populated\">\n\t\t\t\t\t\t<div class=\"elementor-element elementor-element-90fa93c elementor-widget elementor-widget-image\" data-id=\"90fa93c\" data-element_type=\"widget\" data-widget_type=\"image.default\">\n\t\t\t\t<div class=\"elementor-widget-container\">\n\t\t\t\t\t\t\t\t\t\t\t\t\t\t\t<img decoding=\"async\" width=\"724\" height=\"1024\" src=\"https:\/\/www.grabsteine-maleiner.at\/wp-content\/uploads\/2021\/02\/20210205084345-724x1024.jpg\" class=\"attachment-large size-large wp-image-420\" alt=\"\" srcset=\"https:\/\/www.grabsteine-maleiner.at\/wp-content\/uploads\/2021\/02\/20210205084345-724x1024.jpg 724w, https:\/\/www.grabsteine-maleiner.at\/wp-content\/uploads\/2021\/02\/20210205084345-212x300.jpg 212w, https:\/\/www.grabsteine-maleiner.at\/wp-content\/uploads\/2021\/02\/20210205084345-768x1086.jpg 768w, https:\/\/www.grabsteine-maleiner.at\/wp-content\/uploads\/2021\/02\/20210205084345-1200x1697.jpg 1200w\" sizes=\"(max-width: 724px) 100vw, 724px\" \/>\t\t\t\t\t\t\t\t\t\t\t\t\t\t\t<\/div>\n\t\t\t\t<\/div>\n\t\t\t\t\t<\/div>\n\t\t<\/div>\n\t\t\t\t\t<\/div>\n\t\t<\/section>\n\t\t\t\t<\/div>\n\t\t","protected":false},"excerpt":{"rendered":"<p>Standfestigkeits\u00fcberpr\u00fcfung WIR PR\u00dcFEN IHREN GRABSTEIN AUF KIPPSICHERHEIT GEM\u00c4\u00df \u00d6NORM B3113 UND ERSTELLEN F\u00dcR SIE EIN STANDFESTIGKEITSGUTACHTEN. \u00a0<\/p>\n","protected":false},"author":2,"featured_media":0,"parent":0,"menu_order":0,"comment_status":"closed","ping_status":"closed","template":"","meta":{"footnotes":""},"class_list":["post-419","page","type-page","status-publish","format-standard","hentry"],"_links":{"self":[{"href":"https:\/\/www.grabsteine-maleiner.at\/index.php?rest_route=\/wp\/v2\/pages\/419","targetHints":{"allow":["GET"]}}],"collection":[{"href":"https:\/\/www.grabsteine-maleiner.at\/index.php?rest_route=\/wp\/v2\/pages"}],"about":[{"href":"https:\/\/www.grabsteine-maleiner.at\/index.php?rest_route=\/wp\/v2\/types\/page"}],"author":[{"embeddable":true,"href":"https:\/\/www.grabsteine-maleiner.at\/index.php?rest_route=\/wp\/v2\/users\/2"}],"replies":[{"embeddable":true,"href":"https:\/\/www.grabsteine-maleiner.at\/index.php?rest_route=%2Fwp%2Fv2%2Fcomments&post=419"}],"version-history":[{"count":15,"href":"https:\/\/www.grabsteine-maleiner.at\/index.php?rest_route=\/wp\/v2\/pages\/419\/revisions"}],"predecessor-version":[{"id":447,"href":"https:\/\/www.grabsteine-maleiner.at\/index.php?rest_route=\/wp\/v2\/pages\/419\/revisions\/447"}],"wp:attachment":[{"href":"https:\/\/www.grabsteine-maleiner.at\/index.php?rest_route=%2Fwp%2Fv2%2Fmedia&parent=419"}],"curies":[{"name":"wp","href":"https:\/\/api.w.org\/{rel}","templated":true}]}}