{"id":17,"date":"2019-06-01T09:29:23","date_gmt":"2019-06-01T07:29:23","guid":{"rendered":"http:\/\/www.grabsteine-maleiner.at\/?page_id=17"},"modified":"2019-09-02T19:44:29","modified_gmt":"2019-09-02T17:44:29","slug":"elementor-17","status":"publish","type":"page","link":"https:\/\/www.grabsteine-maleiner.at\/","title":{"rendered":"Start"},"content":{"rendered":"\t\t<div data-elementor-type=\"wp-post\" data-elementor-id=\"17\" class=\"elementor elementor-17\">\n\t\t\t\t\t\t<section class=\"elementor-section elementor-top-section elementor-element elementor-element-2d1d357 elementor-section-full_width elementor-section-height-min-height elementor-section-content-middle elementor-section-height-default elementor-section-items-middle\" data-id=\"2d1d357\" data-element_type=\"section\">\n\t\t\t\t\t\t<div class=\"elementor-container elementor-column-gap-default\">\n\t\t\t\t\t<div class=\"elementor-column elementor-col-100 elementor-top-column elementor-element elementor-element-29bea98\" data-id=\"29bea98\" data-element_type=\"column\" data-settings=\"{&quot;background_background&quot;:&quot;classic&quot;}\">\n\t\t\t<div class=\"elementor-widget-wrap elementor-element-populated\">\n\t\t\t\t\t\t<div class=\"elementor-element elementor-element-68e8ecd elementor-arrows-position-inside elementor-pagination-position-outside elementor-widget elementor-widget-image-carousel\" data-id=\"68e8ecd\" data-element_type=\"widget\" data-settings=\"{&quot;slides_to_show&quot;:&quot;1&quot;,&quot;navigation&quot;:&quot;both&quot;,&quot;autoplay&quot;:&quot;yes&quot;,&quot;pause_on_hover&quot;:&quot;yes&quot;,&quot;pause_on_interaction&quot;:&quot;yes&quot;,&quot;autoplay_speed&quot;:5000,&quot;infinite&quot;:&quot;yes&quot;,&quot;effect&quot;:&quot;slide&quot;,&quot;speed&quot;:500}\" data-widget_type=\"image-carousel.default\">\n\t\t\t\t<div class=\"elementor-widget-container\">\n\t\t\t\t\t\t\t<div class=\"elementor-image-carousel-wrapper swiper\" role=\"region\" aria-roledescription=\"carousel\" aria-label=\"Bild Karussell\" dir=\"ltr\">\n\t\t\t<div class=\"elementor-image-carousel swiper-wrapper swiper-image-stretch\" aria-live=\"off\">\n\t\t\t\t\t\t\t\t<div class=\"swiper-slide\" role=\"group\" aria-roledescription=\"slide\" aria-label=\"1 von 7\"><figure class=\"swiper-slide-inner\"><img decoding=\"async\" class=\"swiper-slide-image\" src=\"https:\/\/www.grabsteine-maleiner.at\/wp-content\/uploads\/2019\/07\/P1180277-768x576.jpg\" alt=\"P1180277\" \/><\/figure><\/div><div class=\"swiper-slide\" role=\"group\" aria-roledescription=\"slide\" aria-label=\"2 von 7\"><figure class=\"swiper-slide-inner\"><img decoding=\"async\" class=\"swiper-slide-image\" src=\"https:\/\/www.grabsteine-maleiner.at\/wp-content\/uploads\/2019\/07\/P1180302-768x576.jpg\" alt=\"P1180302\" \/><\/figure><\/div><div class=\"swiper-slide\" role=\"group\" aria-roledescription=\"slide\" aria-label=\"3 von 7\"><figure class=\"swiper-slide-inner\"><img decoding=\"async\" class=\"swiper-slide-image\" src=\"https:\/\/www.grabsteine-maleiner.at\/wp-content\/uploads\/2019\/07\/P1170-H\u00f6lmling-Bad-Fischau-768x576.jpg\" alt=\"P1170 H\u00f6lmling Bad Fischau\" \/><\/figure><\/div><div class=\"swiper-slide\" role=\"group\" aria-roledescription=\"slide\" aria-label=\"4 von 7\"><figure class=\"swiper-slide-inner\"><img decoding=\"async\" class=\"swiper-slide-image\" src=\"https:\/\/www.grabsteine-maleiner.at\/wp-content\/uploads\/2019\/07\/P1180340-768x576.jpg\" alt=\"P1180340\" \/><\/figure><\/div><div class=\"swiper-slide\" role=\"group\" aria-roledescription=\"slide\" aria-label=\"5 von 7\"><figure class=\"swiper-slide-inner\"><img decoding=\"async\" class=\"swiper-slide-image\" src=\"https:\/\/www.grabsteine-maleiner.at\/wp-content\/uploads\/2019\/06\/Halling-O.-Rabnitz-2.jpg\" alt=\"Halling O. Rabnitz 2\" \/><\/figure><\/div><div class=\"swiper-slide\" role=\"group\" aria-roledescription=\"slide\" aria-label=\"6 von 7\"><figure class=\"swiper-slide-inner\"><img decoding=\"async\" class=\"swiper-slide-image\" src=\"https:\/\/www.grabsteine-maleiner.at\/wp-content\/uploads\/2019\/06\/Puhm-Puchberg-neu-1.jpg\" alt=\"Puhm Puchberg neu 1\" \/><\/figure><\/div><div class=\"swiper-slide\" role=\"group\" aria-roledescription=\"slide\" aria-label=\"7 von 7\"><figure class=\"swiper-slide-inner\"><img decoding=\"async\" class=\"swiper-slide-image\" src=\"https:\/\/www.grabsteine-maleiner.at\/wp-content\/uploads\/2019\/06\/EG-Kurz-Ternitz-neu-1-2.jpg\" alt=\"OLYMPUS DIGITAL CAMERA\" \/><\/figure><\/div>\t\t\t<\/div>\n\t\t\t\t\t\t\t\t\t\t\t\t<div class=\"elementor-swiper-button elementor-swiper-button-prev\" role=\"button\" tabindex=\"0\">\n\t\t\t\t\t\t<i aria-hidden=\"true\" class=\"eicon-chevron-left\"><\/i>\t\t\t\t\t<\/div>\n\t\t\t\t\t<div class=\"elementor-swiper-button elementor-swiper-button-next\" role=\"button\" tabindex=\"0\">\n\t\t\t\t\t\t<i aria-hidden=\"true\" class=\"eicon-chevron-right\"><\/i>\t\t\t\t\t<\/div>\n\t\t\t\t\n\t\t\t\t\t\t\t\t\t<div class=\"swiper-pagination\"><\/div>\n\t\t\t\t\t\t\t\t\t<\/div>\n\t\t\t\t\t\t<\/div>\n\t\t\t\t<\/div>\n\t\t\t\t\t<\/div>\n\t\t<\/div>\n\t\t\t\t\t<\/div>\n\t\t<\/section>\n\t\t\t\t<section class=\"elementor-section elementor-top-section elementor-element elementor-element-cf91091 elementor-section-boxed elementor-section-height-default elementor-section-height-default\" data-id=\"cf91091\" data-element_type=\"section\">\n\t\t\t\t\t\t<div class=\"elementor-container elementor-column-gap-default\">\n\t\t\t\t\t<div class=\"elementor-column elementor-col-100 elementor-top-column elementor-element elementor-element-7d06728\" data-id=\"7d06728\" data-element_type=\"column\">\n\t\t\t<div class=\"elementor-widget-wrap elementor-element-populated\">\n\t\t\t\t\t\t<div class=\"elementor-element elementor-element-fb6e1fc elementor-widget elementor-widget-heading\" data-id=\"fb6e1fc\" data-element_type=\"widget\" data-widget_type=\"heading.default\">\n\t\t\t\t<div class=\"elementor-widget-container\">\n\t\t\t\t\t<h2 class=\"elementor-heading-title elementor-size-default\">Grabanlagen aus Meisterhand<\/h2>\t\t\t\t<\/div>\n\t\t\t\t<\/div>\n\t\t\t\t<div class=\"elementor-element elementor-element-aa62343 elementor-widget elementor-widget-text-editor\" data-id=\"aa62343\" data-element_type=\"widget\" data-widget_type=\"text-editor.default\">\n\t\t\t\t<div class=\"elementor-widget-container\">\n\t\t\t\t\t\t\t\t\t<h6 style=\"text-align: center;\"><span style=\"font-size: 16px; font-style: italic;\"><em>Herzlich Willkommen bei\u00a0der Firma Josef Maleiner \u2013<\/em><\/span><br \/><span style=\"font-size: 16px; font-style: italic;\"><em>Grabsteinmanufaktur in 2620 Neunkirchen.<\/em><\/span><br \/><span style=\"font-size: 16px; font-style: italic;\"><em>Unser Betrieb ist der gr\u00f6\u00dfte Grabsteinerzeuger f\u00fcr<\/em><\/span><br \/><span style=\"font-size: 16px; font-style: italic;\"><em>Privatkunden im Osten von \u00d6sterreich.<\/em><\/span><br \/><span style=\"font-size: 16px; font-style: italic;\"><em>Bei uns bekommen Sie \u00f6sterreichische Wertarbeit zu einem fairen Preis.<\/em><\/span><br \/><span style=\"font-size: 16px; font-style: italic;\"><em>Wir w\u00fcrden uns freuen Sie kostenlos zu beraten und<\/em><\/span><br \/><span style=\"font-size: 16px; font-style: italic;\"><em>Ihnen ein pers\u00f6nliches Angebot zu unterbreiten.<\/em><\/span><\/h6><p style=\"text-align: center;\">\u00a0<\/p>\t\t\t\t\t\t\t\t<\/div>\n\t\t\t\t<\/div>\n\t\t\t\t\t<\/div>\n\t\t<\/div>\n\t\t\t\t\t<\/div>\n\t\t<\/section>\n\t\t\t\t<\/div>\n\t\t","protected":false},"excerpt":{"rendered":"<p>Grabanlagen aus Meisterhand Herzlich Willkommen bei\u00a0der Firma Josef Maleiner \u2013 Grabsteinmanufaktur in 2620 Neunkirchen. Unser Betrieb ist der gr\u00f6\u00dfte Grabsteinerzeuger f\u00fcr Privatkunden im Osten von \u00d6sterreich. Bei uns bekommen Sie \u00f6sterreichische Wertarbeit zu einem fairen Preis. Wir w\u00fcrden uns freuen Sie kostenlos zu beraten und Ihnen ein pers\u00f6nliches Angebot zu unterbreiten.<\/p>\n","protected":false},"author":1,"featured_media":0,"parent":0,"menu_order":0,"comment_status":"closed","ping_status":"closed","template":"","meta":{"footnotes":""},"class_list":["post-17","page","type-page","status-publish","format-standard","hentry"],"_links":{"self":[{"href":"https:\/\/www.grabsteine-maleiner.at\/index.php?rest_route=\/wp\/v2\/pages\/17","targetHints":{"allow":["GET"]}}],"collection":[{"href":"https:\/\/www.grabsteine-maleiner.at\/index.php?rest_route=\/wp\/v2\/pages"}],"about":[{"href":"https:\/\/www.grabsteine-maleiner.at\/index.php?rest_route=\/wp\/v2\/types\/page"}],"author":[{"embeddable":true,"href":"https:\/\/www.grabsteine-maleiner.at\/index.php?rest_route=\/wp\/v2\/users\/1"}],"replies":[{"embeddable":true,"href":"https:\/\/www.grabsteine-maleiner.at\/index.php?rest_route=%2Fwp%2Fv2%2Fcomments&post=17"}],"version-history":[{"count":17,"href":"https:\/\/www.grabsteine-maleiner.at\/index.php?rest_route=\/wp\/v2\/pages\/17\/revisions"}],"predecessor-version":[{"id":380,"href":"https:\/\/www.grabsteine-maleiner.at\/index.php?rest_route=\/wp\/v2\/pages\/17\/revisions\/380"}],"wp:attachment":[{"href":"https:\/\/www.grabsteine-maleiner.at\/index.php?rest_route=%2Fwp%2Fv2%2Fmedia&parent=17"}],"curies":[{"name":"wp","href":"https:\/\/api.w.org\/{rel}","templated":true}]}}